{"id":498,"date":"2026-03-05T10:32:23","date_gmt":"2026-03-05T10:32:23","guid":{"rendered":"https:\/\/laboratoriopatrimonio.uca.es\/?page_id=498"},"modified":"2026-03-05T10:43:39","modified_gmt":"2026-03-05T10:43:39","slug":"contenidos","status":"publish","type":"page","link":"https:\/\/laboratoriopatrimonio.uca.es\/?page_id=498","title":{"rendered":"Contenidos"},"content":{"rendered":"\n<p class=\"has-text-align-center has-superbfont-medium-font-size\">ESTA SECCI\u00d3N EST\u00c1 ACTUALMENTE EN CONSTRUCCI\u00d3N <\/p>\n\n\n\n<figure class=\"wp-block-image aligncenter size-full\"><img loading=\"lazy\" decoding=\"async\" width=\"1024\" height=\"559\" src=\"https:\/\/laboratoriopatrimonio.uca.es\/wp-content\/uploads\/2026\/03\/image-2.png\" alt=\"\" class=\"wp-image-507\" srcset=\"https:\/\/laboratoriopatrimonio.uca.es\/wp-content\/uploads\/2026\/03\/image-2.png 1024w, https:\/\/laboratoriopatrimonio.uca.es\/wp-content\/uploads\/2026\/03\/image-2-300x164.png 300w, https:\/\/laboratoriopatrimonio.uca.es\/wp-content\/uploads\/2026\/03\/image-2-768x419.png 768w\" sizes=\"auto, (max-width: 1024px) 100vw, 1024px\" \/><\/figure>\n\n\n\n<p class=\"has-text-align-center has-contrast-dark-color has-custom-color-4-background-color has-text-color has-background has-link-color wp-elements-2f330b6308bd15544bd18ae4eeeec7ff\" style=\"font-size:clamp(15.747px, 0.984rem + ((1vw - 3.2px) * 0.73), 24px);\"> DISCULPEN LAS MOLESTIAS, PRONTO ESTAR\u00c1 DISPONIBLE<\/p>\n\n\n\n<p><\/p>\n","protected":false},"excerpt":{"rendered":"<p>ESTA SECCI\u00d3N EST\u00c1 ACTUALMENTE EN CONSTRUCCI\u00d3N DISCULPEN LAS MOLESTIAS, PRONTO ESTAR\u00c1 DISPONIBLE<\/p>\n","protected":false},"author":5,"featured_media":0,"parent":0,"menu_order":0,"comment_status":"closed","ping_status":"closed","template":"","meta":{"inspiro_hide_title":false,"footnotes":""},"class_list":["post-498","page","type-page","status-publish","hentry"],"_links":{"self":[{"href":"https:\/\/laboratoriopatrimonio.uca.es\/index.php?rest_route=\/wp\/v2\/pages\/498","targetHints":{"allow":["GET"]}}],"collection":[{"href":"https:\/\/laboratoriopatrimonio.uca.es\/index.php?rest_route=\/wp\/v2\/pages"}],"about":[{"href":"https:\/\/laboratoriopatrimonio.uca.es\/index.php?rest_route=\/wp\/v2\/types\/page"}],"author":[{"embeddable":true,"href":"https:\/\/laboratoriopatrimonio.uca.es\/index.php?rest_route=\/wp\/v2\/users\/5"}],"replies":[{"embeddable":true,"href":"https:\/\/laboratoriopatrimonio.uca.es\/index.php?rest_route=%2Fwp%2Fv2%2Fcomments&post=498"}],"version-history":[{"count":4,"href":"https:\/\/laboratoriopatrimonio.uca.es\/index.php?rest_route=\/wp\/v2\/pages\/498\/revisions"}],"predecessor-version":[{"id":511,"href":"https:\/\/laboratoriopatrimonio.uca.es\/index.php?rest_route=\/wp\/v2\/pages\/498\/revisions\/511"}],"wp:attachment":[{"href":"https:\/\/laboratoriopatrimonio.uca.es\/index.php?rest_route=%2Fwp%2Fv2%2Fmedia&parent=498"}],"curies":[{"name":"wp","href":"https:\/\/api.w.org\/{rel}","templated":true}]}}