{"id":513,"date":"2026-03-05T12:19:28","date_gmt":"2026-03-05T12:19:28","guid":{"rendered":"https:\/\/laboratoriopatrimonio.uca.es\/?page_id=513"},"modified":"2026-03-05T12:19:28","modified_gmt":"2026-03-05T12:19:28","slug":"cronica-ii-congreso-along-the-frontiers","status":"publish","type":"page","link":"https:\/\/laboratoriopatrimonio.uca.es\/?page_id=513","title":{"rendered":"Cr\u00f3nica II Congreso Along The Frontiers"},"content":{"rendered":"\n<p class=\"has-text-align-center\">ESTA SECCI\u00d3N EST\u00c1 ACTUALMENTE EN CONSTRUCCI\u00d3N<\/p>\n\n\n\n<figure class=\"wp-block-image aligncenter\"><img loading=\"lazy\" decoding=\"async\" width=\"1024\" height=\"559\" src=\"https:\/\/laboratoriopatrimonio.uca.es\/wp-content\/uploads\/2026\/03\/image-2.png\" alt=\"\" class=\"wp-image-507\" srcset=\"https:\/\/laboratoriopatrimonio.uca.es\/wp-content\/uploads\/2026\/03\/image-2.png 1024w, https:\/\/laboratoriopatrimonio.uca.es\/wp-content\/uploads\/2026\/03\/image-2-300x164.png 300w, https:\/\/laboratoriopatrimonio.uca.es\/wp-content\/uploads\/2026\/03\/image-2-768x419.png 768w\" sizes=\"auto, (max-width: 1024px) 100vw, 1024px\" \/><\/figure>\n\n\n\n<p class=\"has-text-align-center\">DISCULPEN LAS MOLESTIAS, PRONTO ESTAR\u00c1 DISPONIBLE<\/p>\n","protected":false},"excerpt":{"rendered":"<p>ESTA SECCI\u00d3N EST\u00c1 ACTUALMENTE EN CONSTRUCCI\u00d3N DISCULPEN LAS MOLESTIAS, PRONTO ESTAR\u00c1 DISPONIBLE<\/p>\n","protected":false},"author":5,"featured_media":0,"parent":0,"menu_order":0,"comment_status":"closed","ping_status":"closed","template":"","meta":{"inspiro_hide_title":false,"footnotes":""},"class_list":["post-513","page","type-page","status-publish","hentry"],"_links":{"self":[{"href":"https:\/\/laboratoriopatrimonio.uca.es\/index.php?rest_route=\/wp\/v2\/pages\/513","targetHints":{"allow":["GET"]}}],"collection":[{"href":"https:\/\/laboratoriopatrimonio.uca.es\/index.php?rest_route=\/wp\/v2\/pages"}],"about":[{"href":"https:\/\/laboratoriopatrimonio.uca.es\/index.php?rest_route=\/wp\/v2\/types\/page"}],"author":[{"embeddable":true,"href":"https:\/\/laboratoriopatrimonio.uca.es\/index.php?rest_route=\/wp\/v2\/users\/5"}],"replies":[{"embeddable":true,"href":"https:\/\/laboratoriopatrimonio.uca.es\/index.php?rest_route=%2Fwp%2Fv2%2Fcomments&post=513"}],"version-history":[{"count":1,"href":"https:\/\/laboratoriopatrimonio.uca.es\/index.php?rest_route=\/wp\/v2\/pages\/513\/revisions"}],"predecessor-version":[{"id":514,"href":"https:\/\/laboratoriopatrimonio.uca.es\/index.php?rest_route=\/wp\/v2\/pages\/513\/revisions\/514"}],"wp:attachment":[{"href":"https:\/\/laboratoriopatrimonio.uca.es\/index.php?rest_route=%2Fwp%2Fv2%2Fmedia&parent=513"}],"curies":[{"name":"wp","href":"https:\/\/api.w.org\/{rel}","templated":true}]}}