{"id":525,"date":"2026-03-05T12:27:37","date_gmt":"2026-03-05T12:27:37","guid":{"rendered":"https:\/\/laboratoriopatrimonio.uca.es\/?page_id=525"},"modified":"2026-03-05T12:27:37","modified_gmt":"2026-03-05T12:27:37","slug":"presentacion-de-la-exposicion-mujeres-en-las-artes","status":"publish","type":"page","link":"https:\/\/laboratoriopatrimonio.uca.es\/?page_id=525","title":{"rendered":"Presentaci\u00f3n de la exposici\u00f3n Mujeres en las Artes"},"content":{"rendered":"\n<p class=\"has-text-align-center\">ESTA SECCI\u00d3N EST\u00c1 ACTUALMENTE EN CONSTRUCCI\u00d3N<\/p>\n\n\n\n<figure class=\"wp-block-image aligncenter\"><img loading=\"lazy\" decoding=\"async\" width=\"1024\" height=\"559\" src=\"https:\/\/laboratoriopatrimonio.uca.es\/wp-content\/uploads\/2026\/03\/image-2.png\" alt=\"\" class=\"wp-image-507\" srcset=\"https:\/\/laboratoriopatrimonio.uca.es\/wp-content\/uploads\/2026\/03\/image-2.png 1024w, https:\/\/laboratoriopatrimonio.uca.es\/wp-content\/uploads\/2026\/03\/image-2-300x164.png 300w, https:\/\/laboratoriopatrimonio.uca.es\/wp-content\/uploads\/2026\/03\/image-2-768x419.png 768w\" sizes=\"auto, (max-width: 1024px) 100vw, 1024px\" \/><\/figure>\n\n\n\n<p class=\"has-text-align-center\">DISCULPEN LAS MOLESTIAS, PRONTO ESTAR\u00c1 DISPONIBLE<\/p>\n","protected":false},"excerpt":{"rendered":"<p>ESTA SECCI\u00d3N EST\u00c1 ACTUALMENTE EN CONSTRUCCI\u00d3N DISCULPEN LAS MOLESTIAS, PRONTO ESTAR\u00c1 DISPONIBLE<\/p>\n","protected":false},"author":5,"featured_media":0,"parent":0,"menu_order":0,"comment_status":"closed","ping_status":"closed","template":"","meta":{"inspiro_hide_title":false,"footnotes":""},"class_list":["post-525","page","type-page","status-publish","hentry"],"_links":{"self":[{"href":"https:\/\/laboratoriopatrimonio.uca.es\/index.php?rest_route=\/wp\/v2\/pages\/525","targetHints":{"allow":["GET"]}}],"collection":[{"href":"https:\/\/laboratoriopatrimonio.uca.es\/index.php?rest_route=\/wp\/v2\/pages"}],"about":[{"href":"https:\/\/laboratoriopatrimonio.uca.es\/index.php?rest_route=\/wp\/v2\/types\/page"}],"author":[{"embeddable":true,"href":"https:\/\/laboratoriopatrimonio.uca.es\/index.php?rest_route=\/wp\/v2\/users\/5"}],"replies":[{"embeddable":true,"href":"https:\/\/laboratoriopatrimonio.uca.es\/index.php?rest_route=%2Fwp%2Fv2%2Fcomments&post=525"}],"version-history":[{"count":1,"href":"https:\/\/laboratoriopatrimonio.uca.es\/index.php?rest_route=\/wp\/v2\/pages\/525\/revisions"}],"predecessor-version":[{"id":526,"href":"https:\/\/laboratoriopatrimonio.uca.es\/index.php?rest_route=\/wp\/v2\/pages\/525\/revisions\/526"}],"wp:attachment":[{"href":"https:\/\/laboratoriopatrimonio.uca.es\/index.php?rest_route=%2Fwp%2Fv2%2Fmedia&parent=525"}],"curies":[{"name":"wp","href":"https:\/\/api.w.org\/{rel}","templated":true}]}}