{"id":66,"date":"2024-07-17T11:30:16","date_gmt":"2024-07-17T11:30:16","guid":{"rendered":"https:\/\/laboratoriopatrimonio.uca.es\/?page_id=66"},"modified":"2025-07-09T15:19:53","modified_gmt":"2025-07-09T15:19:53","slug":"servicios","status":"publish","type":"page","link":"https:\/\/laboratoriopatrimonio.uca.es\/?page_id=66","title":{"rendered":"Servicios"},"content":{"rendered":"\n<p>Como historiadores\/as del arte con dilatada <strong>experiencia en el \u00e1mbito de la gesti\u00f3n integral del patrimonio cultural <\/strong>asesoramos, participamos y redactamos informes y proyectos relacionados con bienes culturales muebles, inmuebles y urban\u00edsticos, as\u00ed como participamos y lideramos el desarrollo de proyectos museol\u00f3gicos, museogr\u00e1ficos y divulgativos.<\/p>\n\n\n\n<p><a href=\"https:\/\/laboratoriopatrimonio.uca.es\/?p=412\">M\u00e1s informaci\u00f3n<\/a><\/p>\n\n\n\n<p><\/p>\n\n\n\n<p>El Laboratorio de Patrimonio cuenta con un <strong>equipamiento <\/strong>que se compone as\u00ed tanto de hardware como de software cuyas especificaciones t\u00e9cnicas permiten acometer las tareas con una alta eficiencia.<\/p>\n\n\n\n<p><a href=\"https:\/\/laboratoriopatrimonio.uca.es\/?p=415\">M\u00e1s informaci\u00f3n<\/a> <\/p>\n\n\n\n<p>La <strong>tarificaci\u00f3n <\/strong>de los servicios ofertados puede consultarse en el siguiente <a href=\"https:\/\/laboratoriopatrimonio.uca.es\/?p=424\">enlace<\/a>.<\/p>\n\n\n\n<p class=\"has-superbfont-medium-font-size\"><\/p>\n\n\n\n<p><\/p>\n","protected":false},"excerpt":{"rendered":"<p>Como historiadores\/as del arte con dilatada experiencia en el \u00e1mbito de la gesti\u00f3n integral del patrimonio cultural asesoramos, participamos y redactamos informes y proyectos relacionados con bienes culturales muebles, inmuebles y urban\u00edsticos, as\u00ed como participamos y lideramos el desarrollo de proyectos museol\u00f3gicos, museogr\u00e1ficos y divulgativos. M\u00e1s informaci\u00f3n El Laboratorio de Patrimonio cuenta con un equipamiento &hellip; <\/p>\n<p class=\"link-more\"><a href=\"https:\/\/laboratoriopatrimonio.uca.es\/?page_id=66\" class=\"more-link\">Leer m\u00e1s<span class=\"screen-reader-text\"> \u00abServicios\u00bb<\/span><\/a><\/p>\n","protected":false},"author":1,"featured_media":0,"parent":0,"menu_order":0,"comment_status":"closed","ping_status":"closed","template":"","meta":{"inspiro_hide_title":false,"footnotes":""},"class_list":["post-66","page","type-page","status-publish","hentry"],"_links":{"self":[{"href":"https:\/\/laboratoriopatrimonio.uca.es\/index.php?rest_route=\/wp\/v2\/pages\/66","targetHints":{"allow":["GET"]}}],"collection":[{"href":"https:\/\/laboratoriopatrimonio.uca.es\/index.php?rest_route=\/wp\/v2\/pages"}],"about":[{"href":"https:\/\/laboratoriopatrimonio.uca.es\/index.php?rest_route=\/wp\/v2\/types\/page"}],"author":[{"embeddable":true,"href":"https:\/\/laboratoriopatrimonio.uca.es\/index.php?rest_route=\/wp\/v2\/users\/1"}],"replies":[{"embeddable":true,"href":"https:\/\/laboratoriopatrimonio.uca.es\/index.php?rest_route=%2Fwp%2Fv2%2Fcomments&post=66"}],"version-history":[{"count":10,"href":"https:\/\/laboratoriopatrimonio.uca.es\/index.php?rest_route=\/wp\/v2\/pages\/66\/revisions"}],"predecessor-version":[{"id":427,"href":"https:\/\/laboratoriopatrimonio.uca.es\/index.php?rest_route=\/wp\/v2\/pages\/66\/revisions\/427"}],"wp:attachment":[{"href":"https:\/\/laboratoriopatrimonio.uca.es\/index.php?rest_route=%2Fwp%2Fv2%2Fmedia&parent=66"}],"curies":[{"name":"wp","href":"https:\/\/api.w.org\/{rel}","templated":true}]}}