{"id":71,"date":"2024-07-17T11:32:34","date_gmt":"2024-07-17T11:32:34","guid":{"rendered":"https:\/\/laboratoriopatrimonio.uca.es\/?page_id=71"},"modified":"2026-03-25T18:13:12","modified_gmt":"2026-03-25T18:13:12","slug":"equipo","status":"publish","type":"page","link":"https:\/\/laboratoriopatrimonio.uca.es\/?page_id=71","title":{"rendered":"Equipo"},"content":{"rendered":"\n<p class=\"has-custom-color-1-color has-text-color has-link-color wp-elements-27ec307e73a8dc8e845ada82754bee93\"><\/p>\n\n\n\n<div class=\"wp-block-group is-nowrap is-layout-flex wp-container-core-group-is-layout-6c531013 wp-block-group-is-layout-flex\">\n<figure class=\"wp-block-image size-full\"><img loading=\"lazy\" decoding=\"async\" width=\"218\" height=\"348\" src=\"https:\/\/laboratoriopatrimonio.uca.es\/wp-content\/uploads\/2025\/06\/CONVENTUS_Seminario_Livro-de-Resumos_Abstract-Book_PDF-1.jpeg\" alt=\"\" class=\"wp-image-159\" srcset=\"https:\/\/laboratoriopatrimonio.uca.es\/wp-content\/uploads\/2025\/06\/CONVENTUS_Seminario_Livro-de-Resumos_Abstract-Book_PDF-1.jpeg 218w, https:\/\/laboratoriopatrimonio.uca.es\/wp-content\/uploads\/2025\/06\/CONVENTUS_Seminario_Livro-de-Resumos_Abstract-Book_PDF-1-188x300.jpeg 188w\" sizes=\"auto, (max-width: 218px) 100vw, 218px\" \/><\/figure>\n\n\n\n<div class=\"wp-block-group is-content-justification-space-between is-nowrap is-layout-flex wp-container-core-group-is-layout-cb46ffcb wp-block-group-is-layout-flex\">\n<p><strong>Jos\u00e9 Ram\u00f3n Barros Caneda <\/strong><\/p>\n\n\n\n<p><strong>Coordinador e Investigador<\/strong><\/p>\n<\/div>\n\n\n\n<p class=\"has-primary-hover-color has-text-color has-link-color wp-elements-4c31fc0a9e3f6b16cf90c04e9b968aff\"><strong><a href=\"https:\/\/laboratoriopatrimonio.uca.es\/?p=374\">Breve bio<\/a><\/strong><\/p>\n<\/div>\n\n\n\n<div class=\"wp-block-columns is-layout-flex wp-container-core-columns-is-layout-28f84493 wp-block-columns-is-layout-flex\">\n<div class=\"wp-block-column is-vertically-aligned-stretch is-layout-flow wp-block-column-is-layout-flow\" style=\"flex-basis:100%\"><\/div>\n<\/div>\n\n\n\n<div class=\"wp-block-group alignwide is-nowrap is-layout-flex wp-container-core-group-is-layout-6c531013 wp-block-group-is-layout-flex\">\n<p><strong>M\u00e1s informaci\u00f3n aqu\u00ed:<\/strong><\/p>\n\n\n\n<p class=\"has-custom-color-2-color has-text-color has-link-color wp-elements-3e33bd87dc832689f6759a7e35bd560e\"><a href=\"https:\/\/orcid.org\/0000-0003-4942-6187\">https:\/\/orcid.org\/0000-0003-4942-6187<\/a><\/p>\n\n\n\n<p class=\"has-custom-color-2-color has-text-color has-link-color wp-elements-e6dc1925dc88c6cfd6888d88cb459007\"><a href=\"https:\/\/produccioncientifica.uca.es\/investigadores\/112139\/detalle\">https:\/\/produccioncientifica.uca.es\/investigadores\/112139\/detalle<\/a><\/p>\n<\/div>\n\n\n\n<p><\/p>\n\n\n\n<p><\/p>\n\n\n\n<p><\/p>\n\n\n\n<p><\/p>\n\n\n\n<div class=\"wp-block-group is-content-justification-left is-nowrap is-layout-flex wp-container-core-group-is-layout-fc9f69e7 wp-block-group-is-layout-flex\">\n<div class=\"wp-block-group is-content-justification-space-between is-nowrap is-layout-flex wp-container-core-group-is-layout-cb46ffcb wp-block-group-is-layout-flex\">\n<p><strong>Mar\u00eda del Castillo Garc\u00eda Romero <\/strong><\/p>\n\n\n\n<p><strong>Coordinadora e Investigadora<\/strong><\/p>\n<\/div>\n\n\n\n<p class=\"has-primary-hover-color has-text-color has-link-color wp-elements-45a2c370cf5ea75efb3d528ecaa50d8d\"><a href=\"https:\/\/laboratoriopatrimonio.uca.es\/?p=377\"><strong>Breve bio<\/strong><\/a><\/p>\n\n\n\n<figure class=\"wp-block-image size-full\"><img loading=\"lazy\" decoding=\"async\" width=\"224\" height=\"348\" src=\"https:\/\/laboratoriopatrimonio.uca.es\/wp-content\/uploads\/2025\/06\/CONVENTUS_Seminario_Livro-de-Resumos_Abstract-Book_PDF1.jpeg\" alt=\"\" class=\"wp-image-160\" srcset=\"https:\/\/laboratoriopatrimonio.uca.es\/wp-content\/uploads\/2025\/06\/CONVENTUS_Seminario_Livro-de-Resumos_Abstract-Book_PDF1.jpeg 224w, https:\/\/laboratoriopatrimonio.uca.es\/wp-content\/uploads\/2025\/06\/CONVENTUS_Seminario_Livro-de-Resumos_Abstract-Book_PDF1-193x300.jpeg 193w\" sizes=\"auto, (max-width: 224px) 100vw, 224px\" \/><\/figure>\n<\/div>\n\n\n\n<p><\/p>\n\n\n\n<div class=\"wp-block-group alignwide is-nowrap is-layout-flex wp-container-core-group-is-layout-6c531013 wp-block-group-is-layout-flex\">\n<p><strong>M\u00e1s informaci\u00f3n aqu\u00ed:<\/strong><\/p>\n\n\n\n<p class=\"has-custom-color-2-color has-text-color has-link-color wp-elements-bf2c6fd23fe3e6c61d200a2c36d785db\"><a href=\"https:\/\/orcid.org\/0000-0002-1787-720X\">https:\/\/orcid.org\/0000-0002-1787-720X<\/a><\/p>\n\n\n\n<p class=\"has-custom-color-2-color has-text-color has-link-color wp-elements-6013152f41d91b95fd41194dcf779bc9\"><a href=\"https:\/\/produccioncientifica.uca.es\/investigadores\/275643\/detalle\">https:\/\/produccioncientifica.uca.es\/investigadores\/275643\/detalle<\/a><\/p>\n<\/div>\n\n\n\n<div style=\"height:111px\" aria-hidden=\"true\" class=\"wp-block-spacer\"><\/div>\n\n\n\n<div class=\"wp-block-media-text is-stacked-on-mobile\" style=\"grid-template-columns:18% auto\"><figure class=\"wp-block-media-text__media\"><img loading=\"lazy\" decoding=\"async\" width=\"819\" height=\"1024\" src=\"https:\/\/laboratoriopatrimonio.uca.es\/wp-content\/uploads\/2026\/03\/IMG_1798-1-819x1024.jpeg\" alt=\"\" class=\"wp-image-724 size-full\" srcset=\"https:\/\/laboratoriopatrimonio.uca.es\/wp-content\/uploads\/2026\/03\/IMG_1798-1-819x1024.jpeg 819w, https:\/\/laboratoriopatrimonio.uca.es\/wp-content\/uploads\/2026\/03\/IMG_1798-1-240x300.jpeg 240w, https:\/\/laboratoriopatrimonio.uca.es\/wp-content\/uploads\/2026\/03\/IMG_1798-1.jpeg 824w\" sizes=\"auto, (max-width: 819px) 100vw, 819px\" \/><\/figure><div class=\"wp-block-media-text__content\">\n<p><strong>Rodrigo Lopez Quispe <\/strong> <\/p>\n\n\n\n<p><strong>Estudiante en pr\u00e1cticas del grado en Humanidades-2025\/2026<\/strong><\/p>\n<\/div><\/div>\n\n\n\n<p><\/p>\n\n\n\n<p><\/p>\n\n\n\n<p><\/p>\n\n\n\n<p class=\"has-text-align-right has-custom-color-1-color has-text-color has-link-color has-fontprimary-font-family has-superbfont-large-font-size wp-elements-4f5e88f68cf3268e515b43eab349ddb3\"><\/p>\n\n\n\n<p>&nbsp;<\/p>\n\n\n\n<p><\/p>\n\n\n\n<p><\/p>\n","protected":false},"excerpt":{"rendered":"<p>Jos\u00e9 Ram\u00f3n Barros Caneda Coordinador e Investigador Breve bio M\u00e1s informaci\u00f3n aqu\u00ed: https:\/\/orcid.org\/0000-0003-4942-6187 https:\/\/produccioncientifica.uca.es\/investigadores\/112139\/detalle Mar\u00eda del Castillo Garc\u00eda Romero Coordinadora e Investigadora Breve bio M\u00e1s informaci\u00f3n aqu\u00ed: https:\/\/orcid.org\/0000-0002-1787-720X https:\/\/produccioncientifica.uca.es\/investigadores\/275643\/detalle Rodrigo Lopez Quispe Estudiante en pr\u00e1cticas del grado en Humanidades-2025\/2026 &nbsp;<\/p>\n","protected":false},"author":1,"featured_media":0,"parent":0,"menu_order":0,"comment_status":"closed","ping_status":"closed","template":"","meta":{"inspiro_hide_title":false,"footnotes":""},"class_list":["post-71","page","type-page","status-publish","hentry"],"_links":{"self":[{"href":"https:\/\/laboratoriopatrimonio.uca.es\/index.php?rest_route=\/wp\/v2\/pages\/71","targetHints":{"allow":["GET"]}}],"collection":[{"href":"https:\/\/laboratoriopatrimonio.uca.es\/index.php?rest_route=\/wp\/v2\/pages"}],"about":[{"href":"https:\/\/laboratoriopatrimonio.uca.es\/index.php?rest_route=\/wp\/v2\/types\/page"}],"author":[{"embeddable":true,"href":"https:\/\/laboratoriopatrimonio.uca.es\/index.php?rest_route=\/wp\/v2\/users\/1"}],"replies":[{"embeddable":true,"href":"https:\/\/laboratoriopatrimonio.uca.es\/index.php?rest_route=%2Fwp%2Fv2%2Fcomments&post=71"}],"version-history":[{"count":14,"href":"https:\/\/laboratoriopatrimonio.uca.es\/index.php?rest_route=\/wp\/v2\/pages\/71\/revisions"}],"predecessor-version":[{"id":726,"href":"https:\/\/laboratoriopatrimonio.uca.es\/index.php?rest_route=\/wp\/v2\/pages\/71\/revisions\/726"}],"wp:attachment":[{"href":"https:\/\/laboratoriopatrimonio.uca.es\/index.php?rest_route=%2Fwp%2Fv2%2Fmedia&parent=71"}],"curies":[{"name":"wp","href":"https:\/\/api.w.org\/{rel}","templated":true}]}}