{"id":74,"date":"2024-07-17T11:36:19","date_gmt":"2024-07-17T11:36:19","guid":{"rendered":"https:\/\/laboratoriopatrimonio.uca.es\/?page_id=74"},"modified":"2026-03-11T10:27:30","modified_gmt":"2026-03-11T10:27:30","slug":"proyectos-abiertos","status":"publish","type":"page","link":"https:\/\/laboratoriopatrimonio.uca.es\/?page_id=74","title":{"rendered":"Proyectos abiertos"},"content":{"rendered":"\n<div class=\"wp-block-media-text is-stacked-on-mobile\" style=\"grid-template-columns:36% auto\"><figure class=\"wp-block-media-text__media\"><img loading=\"lazy\" decoding=\"async\" width=\"1024\" height=\"768\" src=\"https:\/\/laboratoriopatrimonio.uca.es\/wp-content\/uploads\/2026\/03\/gib-1024x768.jpeg\" alt=\"\" class=\"wp-image-572 size-full\" srcset=\"https:\/\/laboratoriopatrimonio.uca.es\/wp-content\/uploads\/2026\/03\/gib-1024x768.jpeg 1024w, https:\/\/laboratoriopatrimonio.uca.es\/wp-content\/uploads\/2026\/03\/gib-300x225.jpeg 300w, https:\/\/laboratoriopatrimonio.uca.es\/wp-content\/uploads\/2026\/03\/gib-2000x1500.jpeg 2000w, https:\/\/laboratoriopatrimonio.uca.es\/wp-content\/uploads\/2026\/03\/gib.jpeg 2048w\" sizes=\"auto, (max-width: 1024px) 100vw, 1024px\" \/><\/figure><div class=\"wp-block-media-text__content\">\n<h2 class=\"wp-block-heading\">Monograf\u00eda <em>Significados culturales en la frontera<\/em><\/h2>\n\n\n\n<p>La presente propuesta surge como respuesta a los interesantes debates y resultados obtenidos en los Congresos Internacionales <em>Along the frontiers<\/em> celebrados en 2023 y 2024 en la Universidad de C\u00e1diz. Contando con la financiaci\u00f3n del Decanato de la Facultad de Filosof\u00eda y Letras, del Departamento de Historia Moderna, Contempor\u00e1nea, de Am\u00e9rica y del Arte, y del Aula del Estrecho y Vicerrectorado Campus Bah\u00eda de Algeciras, se dieron cita m\u00e1s de medio centenar de investigadoras e investigadores procedentes de diversas disciplinas y pa\u00edses, en el papel de ponentes, comunicantes y miembros del comit\u00e9 cient\u00edfico procedentes de instituciones de prestigio como universidades y centros de investigaci\u00f3n de Espa\u00f1a, Portugal, Alemania o M\u00e9xico.<\/p>\n\n\n\n<p><a href=\"https:\/\/laboratoriopatrimonio.uca.es\/?p=318\">M\u00e1s informaci\u00f3n<\/a><\/p>\n\n\n\n<p><\/p>\n<\/div><\/div>\n\n\n\n<div class=\"wp-block-media-text has-media-on-the-right is-stacked-on-mobile\" style=\"grid-template-columns:auto 37%\"><div class=\"wp-block-media-text__content\">\n<h2 class=\"wp-block-heading\">Proyecto GIB. Tercera fase (2025)<\/h2>\n\n\n\n<p>Gracias al apoyo del Aula Universitaria del Estrecho y del Vicerrectorado Campus Bah\u00eda de Algeciras de la Universidad de C\u00e1diz, en 2022 iniciamos el Proyecto de Investigaci\u00f3n intitulado \u201cLa construcci\u00f3n gr\u00e1fica del espacio en Gibraltar y su entorno\u201d, como primera aproximaci\u00f3n al conocimiento y a los procesos de resignificaci\u00f3n tanto hist\u00f3rica como contempor\u00e1nea experimentados por el patrimonio cultural de esta frontera territorial y pol\u00edtica, en \u00edntima conexi\u00f3n con el C\u00edrculo del Estrecho. Ello nos ha permitido iniciar un interesante ciclo que ha contribuido al desarrollo de la actividad investigadora en un \u00e1mbito de potencial internacionalizaci\u00f3n de las l\u00edneas de trabajo prioritarias de nuestro grupo de investigaci\u00f3n UCA (HUM-726: Ciudad, Imagen y Patrimonio), as\u00ed como de la propia instituci\u00f3n universitaria en esta \u00e1rea de influencia del referido Aula.<\/p>\n\n\n\n<p><a href=\"https:\/\/laboratoriopatrimonio.uca.es\/?p=321\">M\u00e1s informaci\u00f3n<\/a><\/p>\n<\/div><figure class=\"wp-block-media-text__media\"><img loading=\"lazy\" decoding=\"async\" width=\"1024\" height=\"768\" src=\"https:\/\/laboratoriopatrimonio.uca.es\/wp-content\/uploads\/2026\/03\/proyecto-gib-3-1-1024x768.jpeg\" alt=\"\" class=\"wp-image-576 size-full\" srcset=\"https:\/\/laboratoriopatrimonio.uca.es\/wp-content\/uploads\/2026\/03\/proyecto-gib-3-1-1024x768.jpeg 1024w, https:\/\/laboratoriopatrimonio.uca.es\/wp-content\/uploads\/2026\/03\/proyecto-gib-3-1-300x225.jpeg 300w, https:\/\/laboratoriopatrimonio.uca.es\/wp-content\/uploads\/2026\/03\/proyecto-gib-3-1-2000x1500.jpeg 2000w, https:\/\/laboratoriopatrimonio.uca.es\/wp-content\/uploads\/2026\/03\/proyecto-gib-3-1.jpeg 2048w\" sizes=\"auto, (max-width: 1024px) 100vw, 1024px\" \/><\/figure><\/div>\n\n\n\n<div class=\"wp-block-media-text is-stacked-on-mobile\" style=\"grid-template-columns:39% auto\"><figure class=\"wp-block-media-text__media\"><img loading=\"lazy\" decoding=\"async\" width=\"1024\" height=\"768\" src=\"https:\/\/laboratoriopatrimonio.uca.es\/wp-content\/uploads\/2026\/03\/arq-gib-1024x768.jpeg\" alt=\"\" class=\"wp-image-578 size-full\" srcset=\"https:\/\/laboratoriopatrimonio.uca.es\/wp-content\/uploads\/2026\/03\/arq-gib-1024x768.jpeg 1024w, https:\/\/laboratoriopatrimonio.uca.es\/wp-content\/uploads\/2026\/03\/arq-gib-300x225.jpeg 300w, https:\/\/laboratoriopatrimonio.uca.es\/wp-content\/uploads\/2026\/03\/arq-gib-2000x1500.jpeg 2000w, https:\/\/laboratoriopatrimonio.uca.es\/wp-content\/uploads\/2026\/03\/arq-gib.jpeg 2048w\" sizes=\"auto, (max-width: 1024px) 100vw, 1024px\" \/><\/figure><div class=\"wp-block-media-text__content\">\n<h2 class=\"wp-block-heading\">Aula de Imagen: Arquitectura y ciudad en Gibraltar<\/h2>\n\n\n\n<p>Dentro del Proyecto de Investigaci\u00f3n en ciernes, en esta tercera fase de trabajo marcado como objetivo centrar  nuestro inter\u00e9s en el abordaje de nuevas formas de comunicaci\u00f3n social de los resultados de la investigaci\u00f3n, en paralelo a la organizaci\u00f3n de foros cient\u00edficos y publicaciones. <\/p>\n\n\n\n<p><a href=\"https:\/\/laboratoriopatrimonio.uca.es\/?p=327\">M\u00e1s informaci\u00f3n<\/a><\/p>\n<\/div><\/div>\n\n\n\n<p class=\"has-custom-color-2-color has-text-color has-link-color has-superbfont-large-font-size wp-elements-bba2a6d35b2ffa19f2b9bca0aff9090e\"><\/p>\n\n\n\n<p><\/p>\n\n\n\n<p><\/p>\n","protected":false},"excerpt":{"rendered":"<p>Monograf\u00eda Significados culturales en la frontera La presente propuesta surge como respuesta a los interesantes debates y resultados obtenidos en los Congresos Internacionales Along the frontiers celebrados en 2023 y 2024 en la Universidad de C\u00e1diz. Contando con la financiaci\u00f3n del Decanato de la Facultad de Filosof\u00eda y Letras, del Departamento de Historia Moderna, Contempor\u00e1nea, &hellip; <\/p>\n<p class=\"link-more\"><a href=\"https:\/\/laboratoriopatrimonio.uca.es\/?page_id=74\" class=\"more-link\">Leer m\u00e1s<span class=\"screen-reader-text\"> \u00abProyectos abiertos\u00bb<\/span><\/a><\/p>\n","protected":false},"author":1,"featured_media":0,"parent":0,"menu_order":0,"comment_status":"closed","ping_status":"closed","template":"","meta":{"inspiro_hide_title":false,"footnotes":""},"class_list":["post-74","page","type-page","status-publish","hentry"],"_links":{"self":[{"href":"https:\/\/laboratoriopatrimonio.uca.es\/index.php?rest_route=\/wp\/v2\/pages\/74","targetHints":{"allow":["GET"]}}],"collection":[{"href":"https:\/\/laboratoriopatrimonio.uca.es\/index.php?rest_route=\/wp\/v2\/pages"}],"about":[{"href":"https:\/\/laboratoriopatrimonio.uca.es\/index.php?rest_route=\/wp\/v2\/types\/page"}],"author":[{"embeddable":true,"href":"https:\/\/laboratoriopatrimonio.uca.es\/index.php?rest_route=\/wp\/v2\/users\/1"}],"replies":[{"embeddable":true,"href":"https:\/\/laboratoriopatrimonio.uca.es\/index.php?rest_route=%2Fwp%2Fv2%2Fcomments&post=74"}],"version-history":[{"count":25,"href":"https:\/\/laboratoriopatrimonio.uca.es\/index.php?rest_route=\/wp\/v2\/pages\/74\/revisions"}],"predecessor-version":[{"id":579,"href":"https:\/\/laboratoriopatrimonio.uca.es\/index.php?rest_route=\/wp\/v2\/pages\/74\/revisions\/579"}],"wp:attachment":[{"href":"https:\/\/laboratoriopatrimonio.uca.es\/index.php?rest_route=%2Fwp%2Fv2%2Fmedia&parent=74"}],"curies":[{"name":"wp","href":"https:\/\/api.w.org\/{rel}","templated":true}]}}